{"id":3,"date":"2023-10-11T18:57:48","date_gmt":"2023-10-11T16:57:48","guid":{"rendered":"https:\/\/fnxlng.com\/?page_id=3"},"modified":"2023-12-11T15:21:37","modified_gmt":"2023-12-11T14:21:37","slug":"privacy-policy","status":"publish","type":"page","link":"https:\/\/fnxlng.com\/en\/privacy-policy\/","title":{"rendered":"Privacy Policy"},"content":{"rendered":"<p>[et_pb_section fb_built=&#8221;1&#8243; _builder_version=&#8221;4.23&#8243; custom_margin=&#8221;||||false|false&#8221; global_colors_info=&#8221;{}&#8221;][et_pb_row column_structure=&#8221;3_4,1_4&#8243; _builder_version=&#8221;4.23&#8243; background_size=&#8221;initial&#8221; background_position=&#8221;top_left&#8221; background_repeat=&#8221;repeat&#8221; custom_margin=&#8221;15vw||6vw||false|false&#8221; global_colors_info=&#8221;{}&#8221;][et_pb_column type=&#8221;3_4&#8243; _builder_version=&#8221;4.16&#8243; custom_padding=&#8221;|||&#8221; global_colors_info=&#8221;{}&#8221; custom_padding__hover=&#8221;|||&#8221;][et_pb_text admin_label=&#8221;H1 T\u00edtulo&#8221; _builder_version=&#8221;4.23&#8243; background_size=&#8221;initial&#8221; background_position=&#8221;top_left&#8221; background_repeat=&#8221;repeat&#8221; custom_margin=&#8221;||82px||false|false&#8221; global_colors_info=&#8221;{}&#8221;]<\/p>\n<h1>Privacy Policy<\/h1>\n<p>[\/et_pb_text][et_pb_text _builder_version=&#8221;4.23&#8243; background_size=&#8221;initial&#8221; background_position=&#8221;top_left&#8221; background_repeat=&#8221;repeat&#8221; global_colors_info=&#8221;{}&#8221;]<\/p>\n<p><strong>DATA CONTROLLER<\/strong><br \/>The company responsible for processing your data according to this Privacy Policy is:<\/p>\n<p>FNX Liquid Natural Gas<\/p>\n<p>CIF\/NIF: <span dir=\"ltr\">B95978409<\/span><\/p>\n<p>Address: Pol. Ind. Bildosola, Parcela J-1 48142 Artea (Vizcaya) SPAIN<br \/>E-mail address: info@fnx.lng.com<br \/>Website: www.fnxlng.com<br \/>Telephone no.: +34 946 125 100<\/p>\n<p>At FNX Liquid Natural Gas, we recognise the importance of protecting your personal information and we are committed to processing it responsibly and in compliance with the data protection laws.<\/p>\n<p>The purpose of this privacy policy is to regulate all the aspects relating to the processing of data of the different users browsing the website or providing their personal details on the different forms to be found on it.<\/p>\n<p><strong>Personal Data<\/strong><br \/>Personal Data is the information that identifies you or may identify you. Through the website, in the boxes that are stablished for that purpose, it is collected the personal data that the User provides us: Name, surname, email, telephone number, postal code, city, etc. In addition, it is collected all the personal data that the User voluntarily provides us through any of the social networks, of which the User is registered. In this case, the privacy settings will depend on both the configuration that the User established as well as the terms and conditions of the social network itself.<\/p>\n<p>When a user visits the website, this does not mean that he\/she has to provide any information about his\/her personal data. However, if such information is provided, the data will be processed lawfully and subject at all times to the principles and rights contained in the GDPR 2016\/679 of 27 April 2016 and the LOPDGDD 3\/2018 of 5 December.<\/p>\n<p><strong>Purpose, duration and legitimation of the processing:<\/strong><br \/>We will process the data provided to us by the user for the following purposes:<br \/>\u2022 To deal with the user\u2019s application or request made using the <strong>contact form<\/strong> on the website. We collect and process the user\u2019s personal data to enable us to process and manage his\/her application, query or any request made using said form. We will keep these data for the time necessary to comply with the request and for the time established by law, with a minimum duration of 3 years.<br \/>The basis for legitimation of the data processing will be the consent granted by the user when checking the box for acceptance of our privacy policy before sending the request. The user has the right to revoke his\/her consent at any time, without this affecting the lawfulness of the processing based on the consent given prior to it being withdrawn.<br \/>\u2022 To manage the <strong>CV\/r\u00e9sum\u00e9<\/strong> sent by the data subject using the form provided for this purpose, and include it in the database of company candidates. These data will be kept for a maximum of one year, after which time the data will be blocked for the time established by law, with a guarantee that confidentiality will be fully respected both in their processing and subsequent destruction.<br \/>The legitimate basis for managing and processing the data subject\u2019s CV\/r\u00e9sum\u00e9 is his\/her consent; this is given by carrying out the affirmative action of sending it and checking the box for acceptance of our privacy policy prior to it being sent. The user has the right to revoke his\/her consent at any time, without this affecting the lawfulness of the processing based on the consent given prior to it being withdrawn.<br \/>\u2022 To improve the user experience when browsing the website. We will keep these data for as long as the user does not revoke his\/her consent to them being processed by deleting the cookies, for the time established by law and for a minimum duration of 3 years.<br \/>The legitimate basis for improving website browsing is the consent given by the user when accepting the cookies. The user has the right to revoke his\/her consent at any time, without this affecting the lawfulness of the processing based on the consent given prior to it being withdrawn.<br \/>\u2022 To manage our <strong>social networks<\/strong> and send users information about our activities and products. We will keep these data for as long as the user does not revoke his\/her consent to them being processed, for the time established by law and for a minimum duration of 3 years.<br \/>The legitimate basis for managing our social networks and sending users our activities and new features is the consent we are given to do so. The user has the right to revoke his\/her consent at any time, without this affecting the lawfulness of the processing based on the consent given prior to it being withdrawn.<\/p>\n<p><strong>Assignment or communication of personal data and international transfers:<\/strong><br \/>Your data will not be communicated or transferred to third parties unless there is a legal obligation, or to those service providers associated with the Controller which act as data processors.<\/p>\n<p>Data will not be transferred internationally; if, at any time, this might be required, the user will be informed so that his\/her consent can be obtained.<\/p>\n<p><strong>Updating of data<\/strong><br \/>In order for us to keep the personal data up to date, the user must always inform us of any change in said data; if this is not done, we cannot be liable for the veracity of the data.<\/p>\n<p>The user guarantees that the personal data provided are true, and guarantees that all the information provided corresponds to reality, is up to date and is accurate. He\/she is obliged to communicate any modification thereto.<\/p>\n<p><strong>Third Party Data<\/strong><br \/>If the user provides third party data for any purpose to FNX Liquid Natural Gas, he\/she guarantees that he\/she has obtained these data lawfully, has informed the affected parties in advance, has obtained his\/her consent to communicate them, and that the information provided is accurate and true.<\/p>\n<p><strong>Compulsory nature of the information requested<\/strong><br \/>All our forms have an asterisk (*) to indicate which details are compulsory. If the user does not complete these fields, or does not check the privacy policy box, the information will not be sent.<\/p>\n<p><strong>Use of passwords<\/strong><br \/>In order to access your account, the USER must \u201cLog in\u201d and include the email address and password generated in the registration form according to the complexity rules established at each moment on the web.<\/p>\n<p>The users are responsible for the adequate custody and confidentiality of any identifiers and\/or passwords that they have selected in the registration from, and they undertake not to assign their use to third parties, nor to allow their access to outsiders.<\/p>\n<p>Likewise, it will be the obligation of the user to notify immediately to the Controller any fact that allows the misuse of the identifiers and\/or passwords, such as theft, loss, or unauthorized access to them, in order to proceed to its immediate cancellation.<\/p>\n<p><strong>Rights of data subjects:<\/strong><br \/>You have the right to access your data and obtain confirmation regarding the processing thereof, as well as a copy of the personal data being processed. You have the right to update them and request that any inaccurate data be corrected, or request removal of the data when they are not necessary for the purposes for which they were collected. You may request a restriction in the processing of your data and object to them being processed by revoking your consent, and also exercise your right to data portability. Similarly, you have the right not to be the subject of decisions based solely on the automated processing of your personal data. You may exercise your rights by contacting us info@fnxlng.com<\/p>\n<p>If you consider that your rights have not been duly respected, you have the right to lodge a complaint with the Spanish Data Protection Agency www.aepd.es<\/p>\n<p><strong>Processing of the data of Minors<\/strong><br \/>Anyone providing data through the forms on this website and accepting the processing of such states that he\/she is at least 14 years old. Access to, and use of the website is prohibited for anyone younger than 14. If, at any time, the Data Controller detects that a person younger than 14 years of age has provided personal data, we will cancel said data. In addition, parents or tutors may in any event write to FNX Liquid Natural Gas to block any access account created by minors in their charge who have registered by falsifying their identity.<\/p>\n<p><strong>Social Networks<\/strong><br \/>The object of social tools such as Facebook, Twitter, Instagram, etc. or other social networks is to give visibility and dissemination of the activities that take place in our organization. These social tools store personal data in the servers of the corresponding services and are governed by their own privacy policy. It is recommended to review and read the conditions of use and the privacy policy of the social network at the time of registration, taking into account the different configuration\u00b4s possibilities regarding the privacy of the user\u2019s profile in the social network. In addition, the Controller reserves the right to erase from its social networks any published information by third-parties that trespasses the legality, encourages to infringe it or contains messages that infringe upon human dignity or institutions. Likewise, the Controller reserves the right to block or report the author\u00b4s profile of such content.<\/p>\n<p><strong>Cookies:<\/strong><br \/>A cookie is a small file that is downloaded and stored on the user\u2019s computer when he\/she access a website. Cookies allow the website, amongst other things, to store and recover information on the browsing habits of the user or of his\/her computer and, depending on the information they contain and the way in which you use your computer, they may be used for user recognition.<\/p>\n<p>The user has the option to prevent the generation of cookies, by selecting the corresponding option in his\/her browser program. You can obtain more information by reading our Cookies Policy.<\/p>\n<p>[\/et_pb_text][\/et_pb_column][et_pb_column type=&#8221;1_4&#8243; _builder_version=&#8221;4.16&#8243; custom_padding=&#8221;|||&#8221; global_colors_info=&#8221;{}&#8221; custom_padding__hover=&#8221;|||&#8221;][\/et_pb_column][\/et_pb_row][\/et_pb_section]<\/p>\n","protected":false},"excerpt":{"rendered":"<p>The FNX Liquid Natural Gas Privacy Policy helps you understand how we collect, use and protect web user data<\/p>\n","protected":false},"author":1,"featured_media":3179,"parent":0,"menu_order":0,"comment_status":"closed","ping_status":"closed","template":"","meta":{"_et_pb_use_builder":"on","_et_pb_old_content":"<!-- wp:heading --><h2>Qui\u00e9nes somos<\/h2><!-- \/wp:heading --><!-- wp:paragraph --><p><strong class=\"privacy-policy-tutorial\">Texto sugerido: <\/strong>La direcci\u00f3n de nuestra web es: https:\/\/fnxlng.com.<\/p><!-- \/wp:paragraph --><!-- wp:heading --><h2>Comentarios<\/h2><!-- \/wp:heading --><!-- wp:paragraph --><p><strong class=\"privacy-policy-tutorial\">Texto sugerido: <\/strong>Cuando los visitantes dejan comentarios en la web, recopilamos los datos que se muestran en el formulario de comentarios, as\u00ed como la direcci\u00f3n IP del visitante y la cadena de agentes de usuario del navegador para ayudar a la detecci\u00f3n de spam.<\/p><!-- \/wp:paragraph --><!-- wp:paragraph --><p>Una cadena an\u00f3nima creada a partir de tu direcci\u00f3n de correo electr\u00f3nico (tambi\u00e9n llamada hash) puede ser proporcionada al servicio de Gravatar para ver si la est\u00e1s usando. La pol\u00edtica de privacidad del servicio Gravatar est\u00e1 disponible aqu\u00ed: https:\/\/automattic.com\/privacy\/. Despu\u00e9s de la aprobaci\u00f3n de tu comentario, la imagen de tu perfil es visible para el p\u00fablico en el contexto de tu comentario.<\/p><!-- \/wp:paragraph --><!-- wp:heading --><h2>Medios<\/h2><!-- \/wp:heading --><!-- wp:paragraph --><p><strong class=\"privacy-policy-tutorial\">Texto sugerido: <\/strong>Si subes im\u00e1genes a la web, deber\u00edas evitar subir im\u00e1genes con datos de ubicaci\u00f3n (GPS EXIF) incluidos. Los visitantes de la web pueden descargar y extraer cualquier dato de ubicaci\u00f3n de las im\u00e1genes de la web.<\/p><!-- \/wp:paragraph --><!-- wp:heading --><h2>Cookies<\/h2><!-- \/wp:heading --><!-- wp:paragraph --><p><strong class=\"privacy-policy-tutorial\">Texto sugerido: <\/strong>Si dejas un comentario en nuestro sitio puedes elegir guardar tu nombre, direcci\u00f3n de correo electr\u00f3nico y web en cookies. Esto es para tu comodidad, para que no tengas que volver a rellenar tus datos cuando dejes otro comentario. Estas cookies tendr\u00e1n una duraci\u00f3n de un a\u00f1o.<\/p><!-- \/wp:paragraph --><!-- wp:paragraph --><p>Si tienes una cuenta y te conectas a este sitio, instalaremos una cookie temporal para determinar si tu navegador acepta cookies. Esta cookie no contiene datos personales y se elimina al cerrar el navegador.<\/p><!-- \/wp:paragraph --><!-- wp:paragraph --><p>Cuando accedas, tambi\u00e9n instalaremos varias cookies para guardar tu informaci\u00f3n de acceso y tus opciones de visualizaci\u00f3n de pantalla. Las cookies de acceso duran dos d\u00edas, y las cookies de opciones de pantalla duran un a\u00f1o. Si seleccionas \u00abRecu\u00e9rdarme\u00bb, tu acceso perdurar\u00e1 durante dos semanas. Si sales de tu cuenta, las cookies de acceso se eliminar\u00e1n.<\/p><!-- \/wp:paragraph --><!-- wp:paragraph --><p>Si editas o publicas un art\u00edculo se guardar\u00e1 una cookie adicional en tu navegador. Esta cookie no incluye datos personales y simplemente indica el ID del art\u00edculo que acabas de editar. Caduca despu\u00e9s de 1 d\u00eda.<\/p><!-- \/wp:paragraph --><!-- wp:heading --><h2>Contenido incrustado de otros sitios web<\/h2><!-- \/wp:heading --><!-- wp:paragraph --><p><strong class=\"privacy-policy-tutorial\">Texto sugerido: <\/strong>Los art\u00edculos de este sitio pueden incluir contenido incrustado (por ejemplo, v\u00eddeos, im\u00e1genes, art\u00edculos, etc.). El contenido incrustado de otras webs se comporta exactamente de la misma manera que si el visitante hubiera visitado la otra web.<\/p><!-- \/wp:paragraph --><!-- wp:paragraph --><p>Estas web pueden recopilar datos sobre ti, utilizar cookies, incrustar un seguimiento adicional de terceros, y supervisar tu interacci\u00f3n con ese contenido incrustado, incluido el seguimiento de tu interacci\u00f3n con el contenido incrustado si tienes una cuenta y est\u00e1s conectado a esa web.<\/p><!-- \/wp:paragraph --><!-- wp:heading --><h2>Con qui\u00e9n compartimos tus datos<\/h2><!-- \/wp:heading --><!-- wp:paragraph --><p><strong class=\"privacy-policy-tutorial\">Texto sugerido: <\/strong>Si solicitas un restablecimiento de contrase\u00f1a, tu direcci\u00f3n IP ser\u00e1 incluida en el correo electr\u00f3nico de restablecimiento.<\/p><!-- \/wp:paragraph --><!-- wp:heading --><h2>Cu\u00e1nto tiempo conservamos tus datos<\/h2><!-- \/wp:heading --><!-- wp:paragraph --><p><strong class=\"privacy-policy-tutorial\">Texto sugerido: <\/strong>Si dejas un comentario, el comentario y sus metadatos se conservan indefinidamente. Esto es para que podamos reconocer y aprobar comentarios sucesivos autom\u00e1ticamente, en lugar de mantenerlos en una cola de moderaci\u00f3n.<\/p><!-- \/wp:paragraph --><!-- wp:paragraph --><p>De los usuarios que se registran en nuestra web (si los hay), tambi\u00e9n almacenamos la informaci\u00f3n personal que proporcionan en su perfil de usuario. Todos los usuarios pueden ver, editar o eliminar su informaci\u00f3n personal en cualquier momento (excepto que no pueden cambiar su nombre de usuario). Los administradores de la web tambi\u00e9n pueden ver y editar esa informaci\u00f3n.<\/p><!-- \/wp:paragraph --><!-- wp:heading --><h2>Qu\u00e9 derechos tienes sobre tus datos<\/h2><!-- \/wp:heading --><!-- wp:paragraph --><p><strong class=\"privacy-policy-tutorial\">Texto sugerido: <\/strong>Si tienes una cuenta o has dejado comentarios en esta web, puedes solicitar recibir un archivo de exportaci\u00f3n de los datos personales que tenemos sobre ti, incluyendo cualquier dato que nos hayas proporcionado. Tambi\u00e9n puedes solicitar que eliminemos cualquier dato personal que tengamos sobre ti. Esto no incluye ning\u00fan dato que estemos obligados a conservar con fines administrativos, legales o de seguridad.<\/p><!-- \/wp:paragraph --><!-- wp:heading --><h2>D\u00f3nde se env\u00edan tus datos<\/h2><!-- \/wp:heading --><!-- wp:paragraph --><p><strong class=\"privacy-policy-tutorial\">Texto sugerido: <\/strong>Los comentarios de los visitantes puede que los revise un servicio de detecci\u00f3n autom\u00e1tica de spam.<\/p><!-- \/wp:paragraph -->","_et_gb_content_width":"","footnotes":""},"class_list":["post-3","page","type-page","status-publish","has-post-thumbnail","hentry"],"acf":[],"yoast_head":"<!-- This site is optimized with the Yoast SEO plugin v21.8.1 - https:\/\/yoast.com\/wordpress\/plugins\/seo\/ -->\n<title>FNX | Privacy policy<\/title>\n<meta name=\"description\" content=\"Read our Privacy Policy to understand how we collect, utilize, and safeguard data from web users.\" \/>\n<meta name=\"robots\" content=\"index, follow, max-snippet:-1, max-image-preview:large, max-video-preview:-1\" \/>\n<link rel=\"canonical\" href=\"https:\/\/fnxlng.com\/en\/privacy-policy\/\" \/>\n<meta property=\"og:locale\" content=\"en_US\" \/>\n<meta property=\"og:type\" content=\"article\" \/>\n<meta property=\"og:title\" content=\"FNX | Privacy policy\" \/>\n<meta property=\"og:description\" content=\"Read our Privacy Policy to understand how we collect, utilize, and safeguard data from web users.\" \/>\n<meta property=\"og:url\" content=\"https:\/\/fnxlng.com\/en\/privacy-policy\/\" \/>\n<meta property=\"og:site_name\" content=\"Fnx\" \/>\n<meta property=\"article:modified_time\" content=\"2023-12-11T14:21:37+00:00\" \/>\n<meta property=\"og:image\" content=\"https:\/\/fnxlng.com\/wp-content\/uploads\/2023\/12\/Imagen-destacada.jpg\" \/>\n\t<meta property=\"og:image:width\" content=\"1080\" \/>\n\t<meta property=\"og:image:height\" content=\"1080\" \/>\n\t<meta property=\"og:image:type\" content=\"image\/jpeg\" \/>\n<meta name=\"twitter:card\" content=\"summary_large_image\" \/>\n<meta name=\"twitter:label1\" content=\"Est. reading time\" \/>\n\t<meta name=\"twitter:data1\" content=\"8 minutes\" \/>\n<script type=\"application\/ld+json\" class=\"yoast-schema-graph\">{\"@context\":\"https:\/\/schema.org\",\"@graph\":[{\"@type\":\"WebPage\",\"@id\":\"https:\/\/fnxlng.com\/en\/privacy-policy\/\",\"url\":\"https:\/\/fnxlng.com\/en\/privacy-policy\/\",\"name\":\"FNX | Privacy policy\",\"isPartOf\":{\"@id\":\"https:\/\/fnxlng.com\/en\/#website\"},\"datePublished\":\"2023-10-11T16:57:48+00:00\",\"dateModified\":\"2023-12-11T14:21:37+00:00\",\"description\":\"Read our Privacy Policy to understand how we collect, utilize, and safeguard data from web users.\",\"breadcrumb\":{\"@id\":\"https:\/\/fnxlng.com\/en\/privacy-policy\/#breadcrumb\"},\"inLanguage\":\"en-US\",\"potentialAction\":[{\"@type\":\"ReadAction\",\"target\":[\"https:\/\/fnxlng.com\/en\/privacy-policy\/\"]}]},{\"@type\":\"BreadcrumbList\",\"@id\":\"https:\/\/fnxlng.com\/en\/privacy-policy\/#breadcrumb\",\"itemListElement\":[{\"@type\":\"ListItem\",\"position\":1,\"name\":\"Portada\",\"item\":\"https:\/\/fnxlng.com\/en\/\"},{\"@type\":\"ListItem\",\"position\":2,\"name\":\"Privacy Policy\"}]},{\"@type\":\"WebSite\",\"@id\":\"https:\/\/fnxlng.com\/en\/#website\",\"url\":\"https:\/\/fnxlng.com\/en\/\",\"name\":\"Fnx\",\"description\":\"\",\"potentialAction\":[{\"@type\":\"SearchAction\",\"target\":{\"@type\":\"EntryPoint\",\"urlTemplate\":\"https:\/\/fnxlng.com\/en\/?s={search_term_string}\"},\"query-input\":\"required name=search_term_string\"}],\"inLanguage\":\"en-US\"}]}<\/script>\n<!-- \/ Yoast SEO plugin. -->","yoast_head_json":{"title":"FNX | Privacy policy","description":"Read our Privacy Policy to understand how we collect, utilize, and safeguard data from web users.","robots":{"index":"index","follow":"follow","max-snippet":"max-snippet:-1","max-image-preview":"max-image-preview:large","max-video-preview":"max-video-preview:-1"},"canonical":"https:\/\/fnxlng.com\/en\/privacy-policy\/","og_locale":"en_US","og_type":"article","og_title":"FNX | Privacy policy","og_description":"Read our Privacy Policy to understand how we collect, utilize, and safeguard data from web users.","og_url":"https:\/\/fnxlng.com\/en\/privacy-policy\/","og_site_name":"Fnx","article_modified_time":"2023-12-11T14:21:37+00:00","og_image":[{"width":1080,"height":1080,"url":"https:\/\/fnxlng.com\/wp-content\/uploads\/2023\/12\/Imagen-destacada.jpg","type":"image\/jpeg"}],"twitter_card":"summary_large_image","twitter_misc":{"Est. reading time":"8 minutes"},"schema":{"@context":"https:\/\/schema.org","@graph":[{"@type":"WebPage","@id":"https:\/\/fnxlng.com\/en\/privacy-policy\/","url":"https:\/\/fnxlng.com\/en\/privacy-policy\/","name":"FNX | Privacy policy","isPartOf":{"@id":"https:\/\/fnxlng.com\/en\/#website"},"datePublished":"2023-10-11T16:57:48+00:00","dateModified":"2023-12-11T14:21:37+00:00","description":"Read our Privacy Policy to understand how we collect, utilize, and safeguard data from web users.","breadcrumb":{"@id":"https:\/\/fnxlng.com\/en\/privacy-policy\/#breadcrumb"},"inLanguage":"en-US","potentialAction":[{"@type":"ReadAction","target":["https:\/\/fnxlng.com\/en\/privacy-policy\/"]}]},{"@type":"BreadcrumbList","@id":"https:\/\/fnxlng.com\/en\/privacy-policy\/#breadcrumb","itemListElement":[{"@type":"ListItem","position":1,"name":"Portada","item":"https:\/\/fnxlng.com\/en\/"},{"@type":"ListItem","position":2,"name":"Privacy Policy"}]},{"@type":"WebSite","@id":"https:\/\/fnxlng.com\/en\/#website","url":"https:\/\/fnxlng.com\/en\/","name":"Fnx","description":"","potentialAction":[{"@type":"SearchAction","target":{"@type":"EntryPoint","urlTemplate":"https:\/\/fnxlng.com\/en\/?s={search_term_string}"},"query-input":"required name=search_term_string"}],"inLanguage":"en-US"}]}},"_links":{"self":[{"href":"https:\/\/fnxlng.com\/en\/wp-json\/wp\/v2\/pages\/3","targetHints":{"allow":["GET"]}}],"collection":[{"href":"https:\/\/fnxlng.com\/en\/wp-json\/wp\/v2\/pages"}],"about":[{"href":"https:\/\/fnxlng.com\/en\/wp-json\/wp\/v2\/types\/page"}],"author":[{"embeddable":true,"href":"https:\/\/fnxlng.com\/en\/wp-json\/wp\/v2\/users\/1"}],"replies":[{"embeddable":true,"href":"https:\/\/fnxlng.com\/en\/wp-json\/wp\/v2\/comments?post=3"}],"version-history":[{"count":0,"href":"https:\/\/fnxlng.com\/en\/wp-json\/wp\/v2\/pages\/3\/revisions"}],"wp:featuredmedia":[{"embeddable":true,"href":"https:\/\/fnxlng.com\/en\/wp-json\/wp\/v2\/media\/3179"}],"wp:attachment":[{"href":"https:\/\/fnxlng.com\/en\/wp-json\/wp\/v2\/media?parent=3"}],"curies":[{"name":"wp","href":"https:\/\/api.w.org\/{rel}","templated":true}]}}